{"id":63,"date":"2025-11-02T11:07:08","date_gmt":"2025-11-02T11:07:08","guid":{"rendered":"https:\/\/rosolio.si\/?page_id=63"},"modified":"2026-03-03T20:00:37","modified_gmt":"2026-03-03T20:00:37","slug":"home-2","status":"publish","type":"page","link":"https:\/\/rosolio.si\/","title":{"rendered":"Domov"},"content":{"rendered":"\n\n\n\n\n<h2>stremimo k unikatnosti<\/h2>\n\n\n\n\n\n<p>Na\u0161a zgodba presega obi\u010dajno ponudbo sprostitvenih tretmajev. Na\u0161 izbor in ponudba storitev je rezultat dolgoletnih klini\u010dnih izku\u0161enj iz prakse. Moje ime je Nina Legen. Po izobrazbi diplomirana fizioterapevtka (2016), farmacevtski tehnik (2006), viza\u017eistka (2008) in  Bownova terapevtka (2017). Skozi prakso dela z ljudmi in naravo, sem razvila globoko spo\u0161tovanje tako do samoregulacijskih lastnosti telesa kot tudi nekaterih izjemnih u\u010dinkov rastlin. Ustvarjalni interesi in raziskovanje naravnih re\u0161itev so me pripeljali do pe\u0161\u010dice najbolj u\u010dinkovitih tretmajev, brez uporabe grobih prijemov ali &#8220;protibole\u010dinskih&#8221; naprav. Iz tega razloga sem v zgodbi ROSOLIO zdu\u017eila nekaj, s \u010dimer lahko telesu ponudimo roko in ga skozi ne\u017ene prijeme vodimo in podpremo v procesu samozdravljenja in popolne sprostitve. Pri tem nam je s svojimi izjemnimi lastnostmi v pomo\u010d VRTNICA \u2013 zlata kapljica narave, ki zdru\u017euje lepoto, uporabnost in terapevtsko mo\u010d. V kombinaciji z nekaterimi drugimi zeli\u0161\u010di, z individualnim pristopom in uporabo izklju\u010dno manualnih sprostitvenih tehnik, v telesu izzovemo somatosenzori\u010dni, psihosomatski ter izrazito sprostitveni u\u010dinek tako na fizi\u010dni kot tudi du\u0161evni ravni.<br>Celostna obravnava telesa in duha ustvari okolje, kjer se regeneracija zgodi naravno.<br><br>Na\u0161 pristop temelji na gradnji odnosov z ljudmi, ki cenijo naravo in njene izjemne lastnosti, pristnost in znanje. <\/p>\n\n\n\n<p><\/p>\n\n\n\n\n\n\n\n\n\n\n\n<h2>zgodba Rosolio<\/h2>\n\n\n\n\n\n\n\n<h2>NA\u0160E POSLANSTVO JE USTVARJATI IZKU\u0160NJE, KI PRESEGAJO OBI\u010cAJNO SPROSTITEV &#8211; TRENUTKE, V KATERIH TELO NAJDE OLAJ\u0160ANJE, UM PA PROSTOR ZA MIR. <\/h2>\n\n\n\n\n\n<p>Verjamemo, da vrtnice niso le simbol lepote. V sebi nosijo mo\u010d popolne sprostitve, navdiha in ne\u017enosti, ki jo \u017eelimo deliti z vsakim, ki prestopi na\u0161 prag. So navdih in na\u0161 opomnik, da je dobro po\u010dutje preplet drobnih, skrbno izbranih trenutkov.<br><br>Vonj eteri\u010dnega olja vrtnice dokazano vpliva na mo\u017egane &#8211; zmanj\u0161uje stres, uravnava sr\u010dni utrip in spodbuja \u010dustveno ravnovesje. <strong>Dama\u0161\u010danska vrtnica ima eno najvi\u0161jih naravnih vibracijskih frekvenc (okoli 320 MHz), kar jo uvr\u0161\u010da med najmo\u010dnej\u0161e naravne regulatorje telesne in du\u0161evne harmonije<\/strong>.<\/p>\n\n\n\n<p><\/p>\n\n\n\n<p><br><br><\/p>\n\n\n\n\n\n<div class=\"wp-block-group\"><div class=\"wp-block-group__inner-container is-layout-constrained wp-block-group-is-layout-constrained\"><\/div><\/div>\n\n\n\n\n\n\n\n\n\n<h2>rosolio ZLATE KAPLJICE<\/h2>\n\n\n\n\n\n\n\n<p><\/p>\n\n\n\n\n\n<p><\/p>\n\n\n\n\n\n<p><\/p>\n\n\n\n\n\n<p><\/p>\n\n\n\n\n\n<p><\/p>\n\n\n\n\n\n<p><\/p>\n\n\n\n\n\n<p><\/p>\n\n\n\n\n\n\n\n\n\n<h1>&#8220;\u010cas, ki ga nameni\u0161 sebi, ni razko\u0161je, temve\u010d modrost. ko se ustavi\u0161 in prisluhne\u0161 svojemu telesu, s tem za\u010duti\u0161 notranji mir ter ravnovesje, katero ti daje mo\u010d in krepi ob\u010dutek prisotnosti  v svetu.&#8221;<br><br>nina legen, ustanoviteljica rosolia<\/h1>\n\n\n\n\n\n\n\n<h2>BOWNOVA TERAPIJA za odrasle<\/h2>\n\n\n\n\n\n<h2>BOWNOVA TERAPIJA za otroke<\/h2>\n\n\n\n\n\n<h2>JAPONSKI COSMO LIFTING Sorensensistem TM<\/h2>\n\n\n\n\n\n<h2>SPROSTITVENE TEHNIKE<\/h2>\n\n\n\n\n\n<h2>VA\u0160E IZKU\u0160NJE, KI STE JIH DELILI Z NAMI<\/h2>\n\n\n\n\n\n<h2>SODELOVANJA \/<br>PARTNERSTVA<\/h2>\n\n\n\n\n\n\n\n\n\n\n\n<h2>telo \u017ee dolgo potrpe\u017eljivo \u010daka. opominja vas, da si zaslu\u017ei skrb in pozornost.<\/h2>\n\n\n\n<h4>Ste pripravljeni izkusiti nekaj, kar bo resni\u010dno podprlo va\u0161e dobro po\u010dutje?<\/h4>\n\n\n\n\n\nPridiTE. sprostiTE se. IN KON\u010cNO zadihajTE.\n\n\n\n\n\n\n\n<h2>pONUDBA STORITEV<\/h2>\n\n\n\n\n\n\n\n\n\n<p>ODRASLI 45-60 MIN<br>CENA: 60 EUR<br><br>OTROCI (3-12 LET) 20-30 MIN<br>CENA: 30 EUR<br><br>DOJEN\u010cKI (0-2 LET) 10-15 MIN<br>CENA: 15 EUR<br>*po dogovoru, mo\u017enost tretmaja na domu<\/p>\n\n\n\nUvodni pogovor (15 min) ni v\u0161tet v \u010das obravnave in je brezpla\u010den\n\n\n\n\n\n<ul class=\"wp-block-list\">\n<li><\/li>\n<\/ul>\n\n\n\n\n\n\n\n<p>120 MIN<br>CENA: 100 EUR<\/p>\n\n\n\nObravnava vklju\u010duje:<br>uvodni pogovor (do max. 30 min), skodelica vrtni\u010dnega \u010daja,  Bownova terapija, sprostitvene tehnike, aromaterapija\n\n\n\n\n\n\n\n\n\n<p>ODRASLI <br>CENA: 150 EUR<br><br>OTROCI<br>CENA: 75 EUR<br><br>DOJEN\u010cKI<br>CENA: 35 EUR<\/p>\n\n\n\nZa optimalne rezultate se priporo\u010da 3 do 5 zaporednih obravnav v razmiku 7-10 dni. Vsaka terapija gradi na prej\u0161nji in telesu omogo\u010da postopno, a globoko uravnote\u017eenje.\n\n\n\n\n\n\n\n<p>CENA: 70 EUR<br><br>+ VRTNI\u010cNA\/\u0160IPKOVA MASKA<br>CENA: 10 EUR<br><br>+ DODATNI LIFTING TRETMA (15 MIN)<br>CENA: 15 EUR<\/p>\n\n\n\nOsnovni tretma se izvaja ob uporabi hidrolata dama\u0161\u010danske vrtnice in \u0161ipkovega olja.<br><br>U\u010dinek je viden \u017ee po prvi terapiji, ko\u017ea je napeta in sijo\u010da.<br><br>Za trajnej\u0161i u\u010dinek, primerljiv z Botoxom, se priporo\u010da 12  tretmajev v 4 tednih (3 tretmaji\/teden).<br>Priporo\u010dljiv je 1 sklop (12 tretmajev) \/ 6 mesecev.<br><br>*ob zakupu 12 tretmajev, vam priznamo 15% popust\n\n\n\n\n\n\n\n<p> CENA: 40 EUR<br><br>Tretma se izvaja ob uporabi razli\u010dnih eteri\u010dnih olj v nosilnem olju.<br><\/p>\n\n\n\n\n\n\n\n<p>APLIKACIJA KINEZIO TRAKOV <br>CENA: 12 EUR<br><br>TEHNIKE SPRO\u0160\u010cANJA MI\u0160IC IN VEZIVNIH TKIV (do 30 min)<br>CENA: 25 EUR<br><br>POSVET S TERAPEVTOM (DO 20 MIN)<br>CENA: 20 EUR<br><br><\/p>\n\n\n\n\n\n\n\n\n\n<p class=\"has-background\" style=\"background-color:#761d24\"><\/p>\n","protected":false},"excerpt":{"rendered":"","protected":false},"author":1,"featured_media":0,"parent":0,"menu_order":0,"comment_status":"closed","ping_status":"closed","template":"","meta":{"om_disable_all_campaigns":false,"pagelayer_contact_templates":[],"_pagelayer_content":"","_monsterinsights_skip_tracking":false,"_monsterinsights_sitenote_active":false,"_monsterinsights_sitenote_note":"","_monsterinsights_sitenote_category":0,"footnotes":""},"class_list":["post-63","page","type-page","status-publish","hentry"],"aioseo_notices":[],"_links":{"self":[{"href":"https:\/\/rosolio.si\/index.php?rest_route=\/wp\/v2\/pages\/63","targetHints":{"allow":["GET"]}}],"collection":[{"href":"https:\/\/rosolio.si\/index.php?rest_route=\/wp\/v2\/pages"}],"about":[{"href":"https:\/\/rosolio.si\/index.php?rest_route=\/wp\/v2\/types\/page"}],"author":[{"embeddable":true,"href":"https:\/\/rosolio.si\/index.php?rest_route=\/wp\/v2\/users\/1"}],"replies":[{"embeddable":true,"href":"https:\/\/rosolio.si\/index.php?rest_route=%2Fwp%2Fv2%2Fcomments&post=63"}],"version-history":[{"count":72,"href":"https:\/\/rosolio.si\/index.php?rest_route=\/wp\/v2\/pages\/63\/revisions"}],"predecessor-version":[{"id":332,"href":"https:\/\/rosolio.si\/index.php?rest_route=\/wp\/v2\/pages\/63\/revisions\/332"}],"wp:attachment":[{"href":"https:\/\/rosolio.si\/index.php?rest_route=%2Fwp%2Fv2%2Fmedia&parent=63"}],"curies":[{"name":"wp","href":"https:\/\/api.w.org\/{rel}","templated":true}]}}